{"id":29056,"date":"2025-01-29T17:13:08","date_gmt":"2025-01-29T16:13:08","guid":{"rendered":"https:\/\/lavens.fr\/boutique\/"},"modified":"2025-02-18T14:08:08","modified_gmt":"2025-02-18T13:08:08","slug":"boutique-de-lavande","status":"publish","type":"page","link":"https:\/\/lavens.fr\/en\/boutique-de-lavande\/","title":{"rendered":"PRODUCTS"},"content":{"rendered":"\n[et_pb_section fb_built=&#8221;1&#8243; _builder_version=&#8221;4.27.4&#8243; _module_preset=&#8221;default&#8221; global_colors_info=&#8221;{}&#8221;][et_pb_row column_structure=&#8221;1_3,1_3,1_3&#8243; _builder_version=&#8221;4.27.4&#8243; _module_preset=&#8221;default&#8221; global_colors_info=&#8221;{}&#8221; theme_builder_area=&#8221;post_content&#8221;][et_pb_column type=&#8221;1_3&#8243; _builder_version=&#8221;4.27.4&#8243; _module_preset=&#8221;default&#8221; global_colors_info=&#8221;{}&#8221; theme_builder_area=&#8221;post_content&#8221;][et_pb_divider color=&#8221;#b4a9ce&#8221; divider_position=&#8221;center&#8221; divider_weight=&#8221;2px&#8221; _builder_version=&#8221;4.27.4&#8243; _module_preset=&#8221;default&#8221; custom_margin=&#8221;0px|-30px||0px|false|false&#8221; custom_margin_tablet=&#8221;|0px|||false|false&#8221; custom_margin_phone=&#8221;|0px|||false|false&#8221; custom_margin_last_edited=&#8221;on|tablet&#8221; global_colors_info=&#8221;{}&#8221; theme_builder_area=&#8221;post_content&#8221;][\/et_pb_divider][\/et_pb_column][et_pb_column type=&#8221;1_3&#8243; _builder_version=&#8221;4.27.4&#8243; _module_preset=&#8221;default&#8221; global_colors_info=&#8221;{}&#8221; theme_builder_area=&#8221;post_content&#8221;][et_pb_text _builder_version=&#8221;4.27.4&#8243; _module_preset=&#8221;default&#8221; header_font=&#8221;Jost||||||||&#8221; header_text_align=&#8221;center&#8221; header_text_color=&#8221;#9168E2&#8243; custom_margin=&#8221;|0px||0px|false|true&#8221; custom_padding=&#8221;|0px||0px|false|true&#8221; hover_enabled=&#8221;0&#8243; global_colors_info=&#8221;{}&#8221; theme_builder_area=&#8221;post_content&#8221; sticky_enabled=&#8221;0&#8243;]<h1>EN SACHETS<\/h1>[\/et_pb_text][\/et_pb_column][et_pb_column type=&#8221;1_3&#8243; _builder_version=&#8221;4.27.4&#8243; _module_preset=&#8221;default&#8221; global_colors_info=&#8221;{}&#8221; theme_builder_area=&#8221;post_content&#8221;][et_pb_divider color=&#8221;#b4a9ce&#8221; divider_position=&#8221;center&#8221; divider_weight=&#8221;2px&#8221; _builder_version=&#8221;4.27.4&#8243; _module_preset=&#8221;default&#8221; custom_margin=&#8221;0px|||-30px|false|false&#8221; custom_margin_tablet=&#8221;|||0px|false|false&#8221; custom_margin_phone=&#8221;0px|||0px|false|false&#8221; custom_margin_last_edited=&#8221;on|phone&#8221; custom_padding=&#8221;0px|||0px|false|false&#8221; global_colors_info=&#8221;{}&#8221; theme_builder_area=&#8221;post_content&#8221;][\/et_pb_divider][\/et_pb_column][\/et_pb_row][et_pb_row _builder_version=&#8221;4.27.4&#8243; _module_preset=&#8221;default&#8221;][et_pb_column _builder_version=&#8221;4.27.4&#8243; _module_preset=&#8221;default&#8221; type=&#8221;4_4&#8243;][et_pb_shop _builder_version=&#8221;4.27.4&#8243; _module_preset=&#8221;default&#8221; type=&#8221;product_category&#8221; include_categories=&#8221;22&#8243; hover_enabled=&#8221;0&#8243; sticky_enabled=&#8221;0&#8243; title_font=&#8221;|600|||||||&#8221;][\/et_pb_shop][\/et_pb_column][\/et_pb_row][et_pb_row column_structure=&#8221;1_3,1_3,1_3&#8243; _builder_version=&#8221;4.27.4&#8243; _module_preset=&#8221;default&#8221; global_colors_info=&#8221;{}&#8221; theme_builder_area=&#8221;post_content&#8221;][et_pb_column type=&#8221;1_3&#8243; _builder_version=&#8221;4.27.4&#8243; _module_preset=&#8221;default&#8221; global_colors_info=&#8221;{}&#8221; theme_builder_area=&#8221;post_content&#8221;][et_pb_divider color=&#8221;#b4a9ce&#8221; divider_position=&#8221;center&#8221; divider_weight=&#8221;2px&#8221; _builder_version=&#8221;4.27.4&#8243; _module_preset=&#8221;default&#8221; custom_margin=&#8221;0px|-30px||0px|false|false&#8221; custom_margin_tablet=&#8221;|0px|||false|false&#8221; custom_margin_phone=&#8221;|0px|||false|false&#8221; custom_margin_last_edited=&#8221;on|tablet&#8221; global_colors_info=&#8221;{}&#8221; theme_builder_area=&#8221;post_content&#8221;][\/et_pb_divider][\/et_pb_column][et_pb_column type=&#8221;1_3&#8243; _builder_version=&#8221;4.27.4&#8243; _module_preset=&#8221;default&#8221; global_colors_info=&#8221;{}&#8221; theme_builder_area=&#8221;post_content&#8221;][et_pb_text _builder_version=&#8221;4.27.4&#8243; _module_preset=&#8221;default&#8221; header_font=&#8221;Jost||||||||&#8221; header_text_align=&#8221;center&#8221; header_text_color=&#8221;#9168E2&#8243; custom_margin=&#8221;|0px||0px|false|true&#8221; custom_padding=&#8221;|0px||0px|false|true&#8221; hover_enabled=&#8221;0&#8243; global_colors_info=&#8221;{}&#8221; theme_builder_area=&#8221;post_content&#8221; sticky_enabled=&#8221;0&#8243;]<h1>EN VRAC<\/h1>[\/et_pb_text][\/et_pb_column][et_pb_column type=&#8221;1_3&#8243; _builder_version=&#8221;4.27.4&#8243; _module_preset=&#8221;default&#8221; global_colors_info=&#8221;{}&#8221; theme_builder_area=&#8221;post_content&#8221;][et_pb_divider color=&#8221;#b4a9ce&#8221; divider_position=&#8221;center&#8221; divider_weight=&#8221;2px&#8221; _builder_version=&#8221;4.27.4&#8243; _module_preset=&#8221;default&#8221; custom_margin=&#8221;0px|||-30px|false|false&#8221; custom_margin_tablet=&#8221;|||0px|false|false&#8221; custom_margin_phone=&#8221;0px|||0px|false|false&#8221; custom_margin_last_edited=&#8221;on|phone&#8221; custom_padding=&#8221;0px|||0px|false|false&#8221; global_colors_info=&#8221;{}&#8221; theme_builder_area=&#8221;post_content&#8221;][\/et_pb_divider][\/et_pb_column][\/et_pb_row][et_pb_row _builder_version=&#8221;4.27.4&#8243; _module_preset=&#8221;default&#8221;][et_pb_column _builder_version=&#8221;4.27.4&#8243; _module_preset=&#8221;default&#8221; type=&#8221;4_4&#8243;][et_pb_shop _builder_version=&#8221;4.27.4&#8243; _module_preset=&#8221;default&#8221; type=&#8221;product_category&#8221; include_categories=&#8221;23&#8243; hover_enabled=&#8221;0&#8243; sticky_enabled=&#8221;0&#8243; title_font=&#8221;|600|||||||&#8221;][\/et_pb_shop][\/et_pb_column][\/et_pb_row][\/et_pb_section]\n","protected":false},"excerpt":{"rendered":"<p>EN SACHETSEN VRAC<\/p>","protected":false},"author":1,"featured_media":0,"parent":0,"menu_order":0,"comment_status":"closed","ping_status":"closed","template":"","meta":{"_et_pb_use_builder":"on","_et_pb_old_content":"","_et_gb_content_width":"1080","footnotes":""},"class_list":["post-29056","page","type-page","status-publish","hentry"],"yoast_head":"<!-- This site is optimized with the Yoast SEO plugin v27.0 - https:\/\/yoast.com\/product\/yoast-seo-wordpress\/ -->\n<title>Acheter lavande s\u00e9ch\u00e9e de Provence \u2013 Sachets &amp; Vrac<\/title>\n<meta name=\"description\" content=\"\ud83e\udebbCommandez votre lavande s\u00e9ch\u00e9e de Provence en sachets ou en vrac. Parfait pour la maison, les \u00e9v\u00e9nements et les professionnels.\" \/>\n<meta name=\"robots\" content=\"index, follow, max-snippet:-1, max-image-preview:large, max-video-preview:-1\" \/>\n<link rel=\"canonical\" href=\"https:\/\/lavens.fr\/en\/boutique-de-lavande\/\" \/>\n<meta property=\"og:locale\" content=\"en_GB\" \/>\n<meta property=\"og:type\" content=\"article\" \/>\n<meta property=\"og:title\" content=\"Acheter lavande s\u00e9ch\u00e9e de Provence \u2013 Sachets &amp; Vrac\" \/>\n<meta property=\"og:description\" content=\"\ud83e\udebbCommandez votre lavande s\u00e9ch\u00e9e de Provence en sachets ou en vrac. Parfait pour la maison, les \u00e9v\u00e9nements et les professionnels.\" \/>\n<meta property=\"og:url\" content=\"https:\/\/lavens.fr\/en\/boutique-de-lavande\/\" \/>\n<meta property=\"og:site_name\" content=\"LAVENS\" \/>\n<meta property=\"article:modified_time\" content=\"2025-02-18T13:08:08+00:00\" \/>\n<meta name=\"twitter:card\" content=\"summary_large_image\" \/>\n<meta name=\"twitter:label1\" content=\"Estimated reading time\" \/>\n\t<meta name=\"twitter:data1\" content=\"3 minutes\" \/>\n<script type=\"application\/ld+json\" class=\"yoast-schema-graph\">{\"@context\":\"https:\/\/schema.org\",\"@graph\":[{\"@type\":\"WebPage\",\"@id\":\"https:\/\/lavens.fr\/boutique-de-lavande\/\",\"url\":\"https:\/\/lavens.fr\/boutique-de-lavande\/\",\"name\":\"Acheter lavande s\u00e9ch\u00e9e de Provence \u2013 Sachets & Vrac\",\"isPartOf\":{\"@id\":\"https:\/\/lavens.fr\/#website\"},\"datePublished\":\"2025-01-29T16:13:08+00:00\",\"dateModified\":\"2025-02-18T13:08:08+00:00\",\"description\":\"\ud83e\udebbCommandez votre lavande s\u00e9ch\u00e9e de Provence en sachets ou en vrac. Parfait pour la maison, les \u00e9v\u00e9nements et les professionnels.\",\"breadcrumb\":{\"@id\":\"https:\/\/lavens.fr\/boutique-de-lavande\/#breadcrumb\"},\"inLanguage\":\"en-GB\",\"potentialAction\":[{\"@type\":\"ReadAction\",\"target\":[\"https:\/\/lavens.fr\/boutique-de-lavande\/\"]}]},{\"@type\":\"BreadcrumbList\",\"@id\":\"https:\/\/lavens.fr\/boutique-de-lavande\/#breadcrumb\",\"itemListElement\":[{\"@type\":\"ListItem\",\"position\":1,\"name\":\"Accueil\",\"item\":\"https:\/\/lavens.fr\/\"},{\"@type\":\"ListItem\",\"position\":2,\"name\":\"PRODUITS\"}]},{\"@type\":\"WebSite\",\"@id\":\"https:\/\/lavens.fr\/#website\",\"url\":\"https:\/\/lavens.fr\/\",\"name\":\"LAVENS\",\"description\":\"La puret\u00e9 de la Provence, livr\u00e9e chez vous\",\"publisher\":{\"@id\":\"https:\/\/lavens.fr\/#organization\"},\"alternateName\":\"Lavande de Provence\",\"potentialAction\":[{\"@type\":\"SearchAction\",\"target\":{\"@type\":\"EntryPoint\",\"urlTemplate\":\"https:\/\/lavens.fr\/?s={search_term_string}\"},\"query-input\":{\"@type\":\"PropertyValueSpecification\",\"valueRequired\":true,\"valueName\":\"search_term_string\"}}],\"inLanguage\":\"en-GB\"},{\"@type\":\"Organization\",\"@id\":\"https:\/\/lavens.fr\/#organization\",\"name\":\"LAVENS\",\"url\":\"https:\/\/lavens.fr\/\",\"logo\":{\"@type\":\"ImageObject\",\"inLanguage\":\"en-GB\",\"@id\":\"https:\/\/lavens.fr\/#\/schema\/logo\/image\/\",\"url\":\"https:\/\/lavens.fr\/wp-content\/uploads\/2025\/01\/cropped-LAVENS_Logo2-1.webp\",\"contentUrl\":\"https:\/\/lavens.fr\/wp-content\/uploads\/2025\/01\/cropped-LAVENS_Logo2-1.webp\",\"width\":512,\"height\":512,\"caption\":\"LAVENS\"},\"image\":{\"@id\":\"https:\/\/lavens.fr\/#\/schema\/logo\/image\/\"},\"sameAs\":[\"https:\/\/www.instagram.com\/lavens.fr\/\"]}]}<\/script>\n<!-- \/ Yoast SEO plugin. -->","yoast_head_json":{"title":"Acheter lavande s\u00e9ch\u00e9e de Provence \u2013 Sachets & Vrac","description":"\ud83e\udebbCommandez votre lavande s\u00e9ch\u00e9e de Provence en sachets ou en vrac. Parfait pour la maison, les \u00e9v\u00e9nements et les professionnels.","robots":{"index":"index","follow":"follow","max-snippet":"max-snippet:-1","max-image-preview":"max-image-preview:large","max-video-preview":"max-video-preview:-1"},"canonical":"https:\/\/lavens.fr\/en\/boutique-de-lavande\/","og_locale":"en_GB","og_type":"article","og_title":"Acheter lavande s\u00e9ch\u00e9e de Provence \u2013 Sachets & Vrac","og_description":"\ud83e\udebbCommandez votre lavande s\u00e9ch\u00e9e de Provence en sachets ou en vrac. Parfait pour la maison, les \u00e9v\u00e9nements et les professionnels.","og_url":"https:\/\/lavens.fr\/en\/boutique-de-lavande\/","og_site_name":"LAVENS","article_modified_time":"2025-02-18T13:08:08+00:00","twitter_card":"summary_large_image","twitter_misc":{"Estimated reading time":"3 minutes"},"schema":{"@context":"https:\/\/schema.org","@graph":[{"@type":"WebPage","@id":"https:\/\/lavens.fr\/boutique-de-lavande\/","url":"https:\/\/lavens.fr\/boutique-de-lavande\/","name":"Acheter lavande s\u00e9ch\u00e9e de Provence \u2013 Sachets & Vrac","isPartOf":{"@id":"https:\/\/lavens.fr\/#website"},"datePublished":"2025-01-29T16:13:08+00:00","dateModified":"2025-02-18T13:08:08+00:00","description":"\ud83e\udebbCommandez votre lavande s\u00e9ch\u00e9e de Provence en sachets ou en vrac. Parfait pour la maison, les \u00e9v\u00e9nements et les professionnels.","breadcrumb":{"@id":"https:\/\/lavens.fr\/boutique-de-lavande\/#breadcrumb"},"inLanguage":"en-GB","potentialAction":[{"@type":"ReadAction","target":["https:\/\/lavens.fr\/boutique-de-lavande\/"]}]},{"@type":"BreadcrumbList","@id":"https:\/\/lavens.fr\/boutique-de-lavande\/#breadcrumb","itemListElement":[{"@type":"ListItem","position":1,"name":"Accueil","item":"https:\/\/lavens.fr\/"},{"@type":"ListItem","position":2,"name":"PRODUITS"}]},{"@type":"WebSite","@id":"https:\/\/lavens.fr\/#website","url":"https:\/\/lavens.fr\/","name":"LAVENS","description":"La puret\u00e9 de la Provence, livr\u00e9e chez vous","publisher":{"@id":"https:\/\/lavens.fr\/#organization"},"alternateName":"Lavande de Provence","potentialAction":[{"@type":"SearchAction","target":{"@type":"EntryPoint","urlTemplate":"https:\/\/lavens.fr\/?s={search_term_string}"},"query-input":{"@type":"PropertyValueSpecification","valueRequired":true,"valueName":"search_term_string"}}],"inLanguage":"en-GB"},{"@type":"Organization","@id":"https:\/\/lavens.fr\/#organization","name":"LAVENS","url":"https:\/\/lavens.fr\/","logo":{"@type":"ImageObject","inLanguage":"en-GB","@id":"https:\/\/lavens.fr\/#\/schema\/logo\/image\/","url":"https:\/\/lavens.fr\/wp-content\/uploads\/2025\/01\/cropped-LAVENS_Logo2-1.webp","contentUrl":"https:\/\/lavens.fr\/wp-content\/uploads\/2025\/01\/cropped-LAVENS_Logo2-1.webp","width":512,"height":512,"caption":"LAVENS"},"image":{"@id":"https:\/\/lavens.fr\/#\/schema\/logo\/image\/"},"sameAs":["https:\/\/www.instagram.com\/lavens.fr\/"]}]}},"jetpack_sharing_enabled":true,"_links":{"self":[{"href":"https:\/\/lavens.fr\/en\/wp-json\/wp\/v2\/pages\/29056","targetHints":{"allow":["GET"]}}],"collection":[{"href":"https:\/\/lavens.fr\/en\/wp-json\/wp\/v2\/pages"}],"about":[{"href":"https:\/\/lavens.fr\/en\/wp-json\/wp\/v2\/types\/page"}],"author":[{"embeddable":true,"href":"https:\/\/lavens.fr\/en\/wp-json\/wp\/v2\/users\/1"}],"replies":[{"embeddable":true,"href":"https:\/\/lavens.fr\/en\/wp-json\/wp\/v2\/comments?post=29056"}],"version-history":[{"count":7,"href":"https:\/\/lavens.fr\/en\/wp-json\/wp\/v2\/pages\/29056\/revisions"}],"predecessor-version":[{"id":29276,"href":"https:\/\/lavens.fr\/en\/wp-json\/wp\/v2\/pages\/29056\/revisions\/29276"}],"wp:attachment":[{"href":"https:\/\/lavens.fr\/en\/wp-json\/wp\/v2\/media?parent=29056"}],"curies":[{"name":"wp","href":"https:\/\/api.w.org\/{rel}","templated":true}]}}